{"id":20,"date":"2023-10-07T08:33:59","date_gmt":"2023-10-07T08:33:59","guid":{"rendered":"https:\/\/mancom.biz\/?page_id=20"},"modified":"2023-11-13T14:08:57","modified_gmt":"2023-11-13T14:08:57","slug":"alcatel","status":"publish","type":"page","link":"https:\/\/mancom.biz\/index.php\/alcatel\/","title":{"rendered":"Portfolio"},"content":{"rendered":"\n<p>Als Systemhaus f\u00fcr Ihre Kommunikationsl\u00f6sung bieten wir Ihnen eine vollumf\u00e4ngliche Produktpalette, welche auf Ihre Bed\u00fcrfnisse zugeschnitten ist:<\/p>\n\n\n\n<ul class=\"wp-block-list\">\n<li>Telefonanlage (u.a. <a href=\"https:\/\/mancom.biz\/index.php\/unify\/\">Unify OpenScape Business<\/a>)<\/li>\n\n\n\n<li>CTI-L\u00f6sungen (u.a. <a href=\"https:\/\/www.c4b.com\/de\/xphone-connect\/\">C4B XPhone<\/a>)<\/li>\n\n\n\n<li>Aufzeichnungssysteme (u.a. <a href=\"https:\/\/www.speech-enterprise.de\/apresa\" data-type=\"link\" data-id=\"https:\/\/www.speech-enterprise.de\/apresa\">APRESA II<\/a>)<\/li>\n\n\n\n<li>Auswertung der Erreichbarkeit (u.a. <a href=\"https:\/\/www.aurenz.de\/de\/produkte\/uc-analytics.html\">UC Analytics von Aurenz<\/a>)<\/li>\n\n\n\n<li>Individuelle Softwarel\u00f6sungen (u.a. Ansagenschaltung und Auswertungen)<\/li>\n<\/ul>\n","protected":false},"excerpt":{"rendered":"<p>Als Systemhaus f\u00fcr Ihre Kommunikationsl\u00f6sung bieten wir Ihnen eine vollumf\u00e4ngliche Produktpalette, welche auf Ihre Bed\u00fcrfnisse zugeschnitten ist:<\/p>\n","protected":false},"author":1,"featured_media":0,"parent":0,"menu_order":0,"comment_status":"closed","ping_status":"closed","template":"","meta":{"footnotes":""},"class_list":["post-20","page","type-page","status-publish","hentry"],"_links":{"self":[{"href":"https:\/\/mancom.biz\/index.php\/wp-json\/wp\/v2\/pages\/20","targetHints":{"allow":["GET"]}}],"collection":[{"href":"https:\/\/mancom.biz\/index.php\/wp-json\/wp\/v2\/pages"}],"about":[{"href":"https:\/\/mancom.biz\/index.php\/wp-json\/wp\/v2\/types\/page"}],"author":[{"embeddable":true,"href":"https:\/\/mancom.biz\/index.php\/wp-json\/wp\/v2\/users\/1"}],"replies":[{"embeddable":true,"href":"https:\/\/mancom.biz\/index.php\/wp-json\/wp\/v2\/comments?post=20"}],"version-history":[{"count":5,"href":"https:\/\/mancom.biz\/index.php\/wp-json\/wp\/v2\/pages\/20\/revisions"}],"predecessor-version":[{"id":75,"href":"https:\/\/mancom.biz\/index.php\/wp-json\/wp\/v2\/pages\/20\/revisions\/75"}],"wp:attachment":[{"href":"https:\/\/mancom.biz\/index.php\/wp-json\/wp\/v2\/media?parent=20"}],"curies":[{"name":"wp","href":"https:\/\/api.w.org\/{rel}","templated":true}]}}